{"id":2311,"date":"2022-04-23T17:10:42","date_gmt":"2022-04-23T17:10:42","guid":{"rendered":"https:\/\/gdilive.wpengine.com\/associations-et-certifications\/"},"modified":"2022-08-23T18:48:24","modified_gmt":"2022-08-23T18:48:24","slug":"associations-et-certifications","status":"publish","type":"page","link":"https:\/\/gdi.com\/fr\/about-us\/associations-et-certifications\/","title":{"rendered":"Associations et certifications"},"content":{"rendered":"\t\t<div data-elementor-type=\"wp-page\" data-elementor-id=\"2311\" class=\"elementor elementor-2311 elementor-510\" data-elementor-settings=\"{&quot;element_pack_global_tooltip_width&quot;:{&quot;unit&quot;:&quot;px&quot;,&quot;size&quot;:&quot;&quot;,&quot;sizes&quot;:[]},&quot;element_pack_global_tooltip_width_tablet&quot;:{&quot;unit&quot;:&quot;px&quot;,&quot;size&quot;:&quot;&quot;,&quot;sizes&quot;:[]},&quot;element_pack_global_tooltip_width_mobile&quot;:{&quot;unit&quot;:&quot;px&quot;,&quot;size&quot;:&quot;&quot;,&quot;sizes&quot;:[]},&quot;element_pack_global_tooltip_padding&quot;:{&quot;unit&quot;:&quot;px&quot;,&quot;top&quot;:&quot;&quot;,&quot;right&quot;:&quot;&quot;,&quot;bottom&quot;:&quot;&quot;,&quot;left&quot;:&quot;&quot;,&quot;isLinked&quot;:true},&quot;element_pack_global_tooltip_padding_tablet&quot;:{&quot;unit&quot;:&quot;px&quot;,&quot;top&quot;:&quot;&quot;,&quot;right&quot;:&quot;&quot;,&quot;bottom&quot;:&quot;&quot;,&quot;left&quot;:&quot;&quot;,&quot;isLinked&quot;:true},&quot;element_pack_global_tooltip_padding_mobile&quot;:{&quot;unit&quot;:&quot;px&quot;,&quot;top&quot;:&quot;&quot;,&quot;right&quot;:&quot;&quot;,&quot;bottom&quot;:&quot;&quot;,&quot;left&quot;:&quot;&quot;,&quot;isLinked&quot;:true},&quot;element_pack_global_tooltip_border_radius&quot;:{&quot;unit&quot;:&quot;px&quot;,&quot;top&quot;:&quot;&quot;,&quot;right&quot;:&quot;&quot;,&quot;bottom&quot;:&quot;&quot;,&quot;left&quot;:&quot;&quot;,&quot;isLinked&quot;:true},&quot;element_pack_global_tooltip_border_radius_tablet&quot;:{&quot;unit&quot;:&quot;px&quot;,&quot;top&quot;:&quot;&quot;,&quot;right&quot;:&quot;&quot;,&quot;bottom&quot;:&quot;&quot;,&quot;left&quot;:&quot;&quot;,&quot;isLinked&quot;:true},&quot;element_pack_global_tooltip_border_radius_mobile&quot;:{&quot;unit&quot;:&quot;px&quot;,&quot;top&quot;:&quot;&quot;,&quot;right&quot;:&quot;&quot;,&quot;bottom&quot;:&quot;&quot;,&quot;left&quot;:&quot;&quot;,&quot;isLinked&quot;:true}}\" data-elementor-post-type=\"page\">\n\t\t\t\t\t\t<section data-particle_enable=\"false\" data-particle-mobile-disabled=\"false\" class=\"elementor-section elementor-top-section elementor-element elementor-element-19fc54a6 elementor-section-boxed elementor-section-height-default elementor-section-height-default\" data-id=\"19fc54a6\" data-element_type=\"section\">\n\t\t\t\t\t\t<div class=\"elementor-container elementor-column-gap-default\">\n\t\t\t\t\t<div class=\"elementor-column elementor-col-100 elementor-top-column elementor-element elementor-element-1d107cbb\" data-id=\"1d107cbb\" data-element_type=\"column\" data-settings=\"{&quot;background_background&quot;:&quot;slideshow&quot;,&quot;background_slideshow_gallery&quot;:[{&quot;id&quot;:512,&quot;url&quot;:&quot;https:\\\/\\\/gdilive.wpengine.com\\\/wp-content\\\/uploads\\\/2022\\\/04\\\/association-accreditation.png&quot;}],&quot;background_slideshow_loop&quot;:&quot;yes&quot;,&quot;background_slideshow_slide_duration&quot;:5000,&quot;background_slideshow_slide_transition&quot;:&quot;fade&quot;,&quot;background_slideshow_transition_duration&quot;:500}\">\n\t\t\t<div class=\"elementor-widget-wrap elementor-element-populated\">\n\t\t\t\t\t\t<section data-particle_enable=\"false\" data-particle-mobile-disabled=\"false\" class=\"elementor-section elementor-inner-section elementor-element elementor-element-6c227411 elementor-section-boxed elementor-section-height-default elementor-section-height-default\" data-id=\"6c227411\" data-element_type=\"section\">\n\t\t\t\t\t\t<div class=\"elementor-container elementor-column-gap-default\">\n\t\t\t\t\t<div class=\"elementor-column elementor-col-50 elementor-inner-column elementor-element elementor-element-58045572 elementor-invisible\" data-id=\"58045572\" data-element_type=\"column\" data-settings=\"{&quot;background_background&quot;:&quot;classic&quot;,&quot;animation&quot;:&quot;fadeInRight&quot;}\">\n\t\t\t<div class=\"elementor-widget-wrap elementor-element-populated\">\n\t\t\t\t\t\t<div class=\"elementor-element elementor-element-382b3d26 elementor-widget elementor-widget-spacer\" data-id=\"382b3d26\" data-element_type=\"widget\" data-widget_type=\"spacer.default\">\n\t\t\t\t<div class=\"elementor-widget-container\">\n\t\t\t\t\t\t\t<div class=\"elementor-spacer\">\n\t\t\t<div class=\"elementor-spacer-inner\"><\/div>\n\t\t<\/div>\n\t\t\t\t\t\t<\/div>\n\t\t\t\t<\/div>\n\t\t\t\t<div class=\"elementor-element elementor-element-2e0e08a3 elementor-widget elementor-widget-heading\" data-id=\"2e0e08a3\" data-element_type=\"widget\" data-widget_type=\"heading.default\">\n\t\t\t\t<div class=\"elementor-widget-container\">\n\t\t\t\t\t<h2 class=\"elementor-heading-title elementor-size-default\">Nos Associations et Certifications<\/h2>\t\t\t\t<\/div>\n\t\t\t\t<\/div>\n\t\t\t\t<div class=\"elementor-element elementor-element-5700044 elementor-widget elementor-widget-heading\" data-id=\"5700044\" data-element_type=\"widget\" data-widget_type=\"heading.default\">\n\t\t\t\t<div class=\"elementor-widget-container\">\n\t\t\t\t\t<p class=\"elementor-heading-title elementor-size-default\">Nous offrons le plus haut niveau de service et de valeur \u00e0 nos clients en obtenant des certifications accept\u00e9es par l\u2019industrie et en \u00e9tant associ\u00e9s \u00e0 des organisations de conformit\u00e9 telles que BOMA, Cleaning Coalition of America, etc.<\/p>\t\t\t\t<\/div>\n\t\t\t\t<\/div>\n\t\t\t\t<div class=\"elementor-element elementor-element-51aeef8a elementor-widget elementor-widget-spacer\" data-id=\"51aeef8a\" data-element_type=\"widget\" data-widget_type=\"spacer.default\">\n\t\t\t\t<div class=\"elementor-widget-container\">\n\t\t\t\t\t\t\t<div class=\"elementor-spacer\">\n\t\t\t<div class=\"elementor-spacer-inner\"><\/div>\n\t\t<\/div>\n\t\t\t\t\t\t<\/div>\n\t\t\t\t<\/div>\n\t\t\t\t\t<\/div>\n\t\t<\/div>\n\t\t\t\t<div class=\"elementor-column elementor-col-50 elementor-inner-column elementor-element elementor-element-6e9b2629\" data-id=\"6e9b2629\" data-element_type=\"column\">\n\t\t\t<div class=\"elementor-widget-wrap\">\n\t\t\t\t\t\t\t<\/div>\n\t\t<\/div>\n\t\t\t\t\t<\/div>\n\t\t<\/section>\n\t\t\t\t\t<\/div>\n\t\t<\/div>\n\t\t\t\t\t<\/div>\n\t\t<\/section>\n\t\t\t\t<section data-particle_enable=\"false\" data-particle-mobile-disabled=\"false\" class=\"elementor-section elementor-top-section elementor-element elementor-element-4b829097 elementor-section-boxed elementor-section-height-default elementor-section-height-default\" data-id=\"4b829097\" data-element_type=\"section\">\n\t\t\t\t\t\t<div class=\"elementor-container elementor-column-gap-default\">\n\t\t\t\t\t<div class=\"elementor-column elementor-col-100 elementor-top-column elementor-element elementor-element-7dab17a4\" data-id=\"7dab17a4\" data-element_type=\"column\">\n\t\t\t<div class=\"elementor-widget-wrap elementor-element-populated\">\n\t\t\t\t\t\t<div class=\"elementor-element elementor-element-3afbb893 elementor-widget elementor-widget-spacer\" data-id=\"3afbb893\" data-element_type=\"widget\" data-widget_type=\"spacer.default\">\n\t\t\t\t<div class=\"elementor-widget-container\">\n\t\t\t\t\t\t\t<div class=\"elementor-spacer\">\n\t\t\t<div class=\"elementor-spacer-inner\"><\/div>\n\t\t<\/div>\n\t\t\t\t\t\t<\/div>\n\t\t\t\t<\/div>\n\t\t\t\t\t<\/div>\n\t\t<\/div>\n\t\t\t\t\t<\/div>\n\t\t<\/section>\n\t\t\t\t<section data-particle_enable=\"false\" data-particle-mobile-disabled=\"false\" class=\"elementor-section elementor-top-section elementor-element elementor-element-224ca534 elementor-section-boxed elementor-section-height-default elementor-section-height-default\" data-id=\"224ca534\" data-element_type=\"section\">\n\t\t\t\t\t\t<div class=\"elementor-container elementor-column-gap-default\">\n\t\t\t\t\t<div class=\"elementor-column elementor-col-100 elementor-top-column elementor-element elementor-element-c10f228\" data-id=\"c10f228\" data-element_type=\"column\">\n\t\t\t<div class=\"elementor-widget-wrap elementor-element-populated\">\n\t\t\t\t\t\t<div class=\"elementor-element elementor-element-33893727 home-tab elementor-tabs-view-horizontal elementor-invisible elementor-widget elementor-widget-tabs\" data-id=\"33893727\" data-element_type=\"widget\" data-settings=\"{&quot;_animation&quot;:&quot;fadeInUp&quot;}\" data-widget_type=\"tabs.default\">\n\t\t\t\t<div class=\"elementor-widget-container\">\n\t\t\t\t\t\t\t<div class=\"elementor-tabs\">\n\t\t\t<div class=\"elementor-tabs-wrapper\" role=\"tablist\" >\n\t\t\t\t\t\t\t\t\t<div id=\"elementor-tab-title-8641\" class=\"elementor-tab-title elementor-tab-desktop-title\" aria-selected=\"true\" data-tab=\"1\" role=\"tab\" tabindex=\"0\" aria-controls=\"elementor-tab-content-8641\" aria-expanded=\"false\">GDI Canada<\/div>\n\t\t\t\t\t\t\t\t\t<div id=\"elementor-tab-title-8642\" class=\"elementor-tab-title elementor-tab-desktop-title\" aria-selected=\"false\" data-tab=\"2\" role=\"tab\" tabindex=\"-1\" aria-controls=\"elementor-tab-content-8642\" aria-expanded=\"false\">GDI Quebec<\/div>\n\t\t\t\t\t\t\t\t\t<div id=\"elementor-tab-title-8643\" class=\"elementor-tab-title elementor-tab-desktop-title\" aria-selected=\"false\" data-tab=\"3\" role=\"tab\" tabindex=\"-1\" aria-controls=\"elementor-tab-content-8643\" aria-expanded=\"false\">GDI USA<\/div>\n\t\t\t\t\t\t\t\t\t<div id=\"elementor-tab-title-8644\" class=\"elementor-tab-title elementor-tab-desktop-title\" aria-selected=\"false\" data-tab=\"4\" role=\"tab\" tabindex=\"-1\" aria-controls=\"elementor-tab-content-8644\" aria-expanded=\"false\">Ainsworth<\/div>\n\t\t\t\t\t\t\t<\/div>\n\t\t\t<div class=\"elementor-tabs-content-wrapper\" role=\"tablist\" aria-orientation=\"vertical\">\n\t\t\t\t\t\t\t\t\t<div class=\"elementor-tab-title elementor-tab-mobile-title\" aria-selected=\"true\" data-tab=\"1\" role=\"tab\" tabindex=\"0\" aria-controls=\"elementor-tab-content-8641\" aria-expanded=\"false\">GDI Canada<\/div>\n\t\t\t\t\t<div id=\"elementor-tab-content-8641\" class=\"elementor-tab-content elementor-clearfix\" data-tab=\"1\" role=\"tabpanel\" aria-labelledby=\"elementor-tab-title-8641\" tabindex=\"0\" hidden=\"false\"><h2>Associations et Certifications<\/h2>\r\n<ul class=\"cleaning-services\">\r\n        <li>ISO9001<\/li>\r\n \t<li>ISO14001<\/li>\r\n \t<li>ECOwarranty<\/li>\r\n \t<li>Complyworks<\/li>\r\n \t<li>Avetta<\/li>\r\n \t<li>ISNetworld<\/li>\r\n \t<li>Entuitive Compliance (Crawford compliance)<\/li>\r\n \t<li>COR \u2013 Alberta<\/li>\r\n \t<li>COR \u2013 BC<\/li>\r\n \t<li>COR \u2013 NS<\/li>\r\n \t<li>Patron Level Member of Canadian Council for Aboriginal Business (CCAB)<\/li>\r\n \t<li>Contractor check<\/li>\r\n \t<li>Contractor Compliance<\/li>\r\n<\/ul><\/div>\n\t\t\t\t\t\t\t\t\t<div class=\"elementor-tab-title elementor-tab-mobile-title\" aria-selected=\"false\" data-tab=\"2\" role=\"tab\" tabindex=\"-1\" aria-controls=\"elementor-tab-content-8642\" aria-expanded=\"false\">GDI Quebec<\/div>\n\t\t\t\t\t<div id=\"elementor-tab-content-8642\" class=\"elementor-tab-content elementor-clearfix\" data-tab=\"2\" role=\"tabpanel\" aria-labelledby=\"elementor-tab-title-8642\" tabindex=\"0\" hidden=\"hidden\"><h2>Associations et Certifications<\/h2>\r\n<ul class=\"cleaning-services\">\r\n \t<li>ISO9001<\/li>\r\n \t<li>ISO14001<\/li>\r\n \t<li>ECOwarranty<\/li>\r\n \t<li>Complyworks<\/li>\r\n \t<li>Avetta<\/li>\r\n \t<li>Contractor check<\/li>\r\n \t<li>Boma Quebec<\/li>\r\n \t<li>Institut de d\u00e9veloppement urbain du Qu\u00e9bec ( IDU)<\/li>\r\n \t<li>Reseau CREW Montreal (CREW)<\/li>\r\n \t<li>Association des entrepreneurs de services d\u2019\u00e9difices Qu\u00e9bec inc.\u00a0(AESEQ)<\/li>\r\n \t<li>Le Comit\u00e9 paritaire de l\u2019entretien d\u2019\u00e9difices publics de la r\u00e9gion de Montr\u00e9al<\/li>\r\n \t<li>Corporation des entrepreneurs en entretien m\u00e9nager du qu\u00e9bec<\/li>\r\n \t<li>Le Comit\u00e9 paritaire de l\u2019entretien d\u2019\u00e9difices publics de la r\u00e9gion de Qu\u00e9bec<\/li>\r\n \t<li>F\u00e9d\u00e9ration des chambre de commerce du Qu\u00e9bec<\/li>\r\n<\/ul><\/div>\n\t\t\t\t\t\t\t\t\t<div class=\"elementor-tab-title elementor-tab-mobile-title\" aria-selected=\"false\" data-tab=\"3\" role=\"tab\" tabindex=\"-1\" aria-controls=\"elementor-tab-content-8643\" aria-expanded=\"false\">GDI USA<\/div>\n\t\t\t\t\t<div id=\"elementor-tab-content-8643\" class=\"elementor-tab-content elementor-clearfix\" data-tab=\"3\" role=\"tabpanel\" aria-labelledby=\"elementor-tab-title-8643\" tabindex=\"0\" hidden=\"hidden\"><h2>Associations et Certifications<\/h2>\r\n<ul class=\"cleaning-services\">\r\n \t<li>ISO 9001<\/li>\r\n \t<li>APPA<\/li>\r\n \t<li>AIB<\/li>\r\n \t<li>NASP<\/li>\r\n \t<li>CIMS \u2013 ISSA<\/li>\r\n \t<li>CIMS-GB \u2013 ISSA<\/li>\r\n \t<li>ISO 9001<\/li>\r\n \t<li>Avetta<\/li>\r\n \t<li>ISNet World<\/li>\r\n \t<li>Cleaning Coalition of America<\/li>\r\n \t<li>ISSA<\/li>\r\n \t<li>IFMA<\/li>\r\n \t<li>IREM<\/li>\r\n \t<li>BOMA<\/li>\r\n \t<li>BSCAI<\/li>\r\n<\/ul><\/div>\n\t\t\t\t\t\t\t\t\t<div class=\"elementor-tab-title elementor-tab-mobile-title\" aria-selected=\"false\" data-tab=\"4\" role=\"tab\" tabindex=\"-1\" aria-controls=\"elementor-tab-content-8644\" aria-expanded=\"false\">Ainsworth<\/div>\n\t\t\t\t\t<div id=\"elementor-tab-content-8644\" class=\"elementor-tab-content elementor-clearfix\" data-tab=\"4\" role=\"tabpanel\" aria-labelledby=\"elementor-tab-title-8644\" tabindex=\"0\" hidden=\"hidden\"><h2>Ainsworth Ontario<\/h2>\r\n<ul class=\"cleaning-services\">\r\n \t<li>ASHRAE<\/li>\r\n \t<li>ORAC<\/li>\r\n \t<li>HEAT (hotel engineers association of Toronto)<\/li>\r\n \t<li>ACMO (Association of Condominium Managers of Ontario)<\/li>\r\n \t<li>CHES (Canadian Healthcare Engineering Society)<\/li>\r\n \t<li>BOMA<\/li>\r\n \t<li>MSCA<\/li>\r\n \t<li>CaGBC<\/li>\r\n \t<li>AEEEE<\/li>\r\n \t<li>ECAO (Electrical Contractors Association of Ontario)<\/li>\r\n \t<li>NECA (national electrical contractors assoc)<\/li>\r\n \t<li>ESAC (energy services assoc of Canada)<\/li>\r\n \t<li>ISN<\/li>\r\n \t<li>ContractorCheck<\/li>\r\n \t<li>ComplyWorks<\/li>\r\n \t<li>COR<\/li>\r\n \t<li>TSSA<\/li>\r\n \t<li>PEO<\/li>\r\n \t<li>IBEW<\/li>\r\n \t<li>UA787<\/li>\r\n \t<li>UA46<\/li>\r\n \t<li>FBI (Federal Building Initiative)<\/li>\r\n \t<li>Panduit Certified Installer (PCI)<\/li>\r\n \t<li>Registered Communications Distribution Designer (RCDD) by BCISI<\/li>\r\n \t<li>PMP<\/li>\r\n \t<li>CEM<\/li>\r\n \t<li>CMVP<\/li>\r\n<\/ul>\r\n<\/div>\n\t\t\t\t\t\t\t<\/div>\n\t\t<\/div>\n\t\t\t\t\t\t<\/div>\n\t\t\t\t<\/div>\n\t\t\t\t\t<\/div>\n\t\t<\/div>\n\t\t\t\t\t<\/div>\n\t\t<\/section>\n\t\t\t\t<\/div>\n\t\t","protected":false},"excerpt":{"rendered":"<p>Nos Associations et Certifications Nous offrons le plus haut niveau de service et de valeur \u00e0 nos clients en obtenant des certifications accept\u00e9es par l\u2019industrie et en \u00e9tant associ\u00e9s \u00e0 des organisations de conformit\u00e9 telles que BOMA, Cleaning Coalition of America, etc. GDI Canada GDI Quebec GDI USA Ainsworth GDI Canada Associations et Certifications ISO9001 [&hellip;]<\/p>\n","protected":false},"author":1,"featured_media":0,"parent":2309,"menu_order":7,"comment_status":"closed","ping_status":"closed","template":"elementor_header_footer","meta":{"_acf_changed":false,"footnotes":""},"class_list":["post-2311","page","type-page","status-publish","hentry"],"acf":[],"yoast_head":"<!-- This site is optimized with the Yoast SEO Premium plugin v26.2 (Yoast SEO v26.2) - https:\/\/yoast.com\/wordpress\/plugins\/seo\/ -->\n<title>Associations et certifications - GDI.com<\/title>\n<meta name=\"robots\" content=\"index, follow, max-snippet:-1, max-image-preview:large, max-video-preview:-1\" \/>\n<link rel=\"canonical\" href=\"https:\/\/gdi.com\/fr\/about-us\/associations-et-certifications\/\" \/>\n<meta property=\"og:locale\" content=\"fr_FR\" \/>\n<meta property=\"og:type\" content=\"article\" \/>\n<meta property=\"og:title\" content=\"Associations et certifications\" \/>\n<meta property=\"og:description\" content=\"Nos Associations et Certifications Nous offrons le plus haut niveau de service et de valeur \u00e0 nos clients en obtenant des certifications accept\u00e9es par l\u2019industrie et en \u00e9tant associ\u00e9s \u00e0 des organisations de conformit\u00e9 telles que BOMA, Cleaning Coalition of America, etc. GDI Canada GDI Quebec GDI USA Ainsworth GDI Canada Associations et Certifications ISO9001 [&hellip;]\" \/>\n<meta property=\"og:url\" content=\"https:\/\/gdi.com\/fr\/about-us\/associations-et-certifications\/\" \/>\n<meta property=\"og:site_name\" content=\"GDI.com\" \/>\n<meta property=\"article:publisher\" content=\"https:\/\/www.facebook.com\/GDIFacilityServices\/\" \/>\n<meta property=\"article:modified_time\" content=\"2022-08-23T18:48:24+00:00\" \/>\n<meta name=\"twitter:card\" content=\"summary_large_image\" \/>\n<meta name=\"twitter:site\" content=\"@GDIServices\" \/>\n<script type=\"application\/ld+json\" class=\"yoast-schema-graph\">{\"@context\":\"https:\/\/schema.org\",\"@graph\":[{\"@type\":\"WebPage\",\"@id\":\"https:\/\/gdi.com\/fr\/about-us\/associations-et-certifications\/\",\"url\":\"https:\/\/gdi.com\/fr\/about-us\/associations-et-certifications\/\",\"name\":\"Associations et certifications - GDI.com\",\"isPartOf\":{\"@id\":\"https:\/\/gdi.com\/fr\/#website\"},\"datePublished\":\"2022-04-23T17:10:42+00:00\",\"dateModified\":\"2022-08-23T18:48:24+00:00\",\"breadcrumb\":{\"@id\":\"https:\/\/gdi.com\/fr\/about-us\/associations-et-certifications\/#breadcrumb\"},\"inLanguage\":\"fr-FR\",\"potentialAction\":[{\"@type\":\"ReadAction\",\"target\":[\"https:\/\/gdi.com\/fr\/about-us\/associations-et-certifications\/\"]}]},{\"@type\":\"BreadcrumbList\",\"@id\":\"https:\/\/gdi.com\/fr\/about-us\/associations-et-certifications\/#breadcrumb\",\"itemListElement\":[{\"@type\":\"ListItem\",\"position\":1,\"name\":\"ACCUEIL\",\"item\":\"https:\/\/gdi.com\/fr\/\"},{\"@type\":\"ListItem\",\"position\":2,\"name\":\"About Us\",\"item\":\"https:\/\/gdi.com\/fr\/about-us\/\"},{\"@type\":\"ListItem\",\"position\":3,\"name\":\"Associations et certifications\"}]},{\"@type\":\"WebSite\",\"@id\":\"https:\/\/gdi.com\/fr\/#website\",\"url\":\"https:\/\/gdi.com\/fr\/\",\"name\":\"GDI.com\",\"description\":\"Janitorial Services | GDI Integrated Facility Services\",\"publisher\":{\"@id\":\"https:\/\/gdi.com\/fr\/#organization\"},\"potentialAction\":[{\"@type\":\"SearchAction\",\"target\":{\"@type\":\"EntryPoint\",\"urlTemplate\":\"https:\/\/gdi.com\/fr\/?s={search_term_string}\"},\"query-input\":{\"@type\":\"PropertyValueSpecification\",\"valueRequired\":true,\"valueName\":\"search_term_string\"}}],\"inLanguage\":\"fr-FR\"},{\"@type\":\"Organization\",\"@id\":\"https:\/\/gdi.com\/fr\/#organization\",\"name\":\"GDI Integrated Facility Services\",\"url\":\"https:\/\/gdi.com\/fr\/\",\"logo\":{\"@type\":\"ImageObject\",\"inLanguage\":\"fr-FR\",\"@id\":\"https:\/\/gdi.com\/fr\/#\/schema\/logo\/image\/\",\"url\":\"https:\/\/gdi.com\/wp-content\/uploads\/2022\/04\/gdi-logo-color.svg\",\"contentUrl\":\"https:\/\/gdi.com\/wp-content\/uploads\/2022\/04\/gdi-logo-color.svg\",\"width\":1,\"height\":1,\"caption\":\"GDI Integrated Facility Services\"},\"image\":{\"@id\":\"https:\/\/gdi.com\/fr\/#\/schema\/logo\/image\/\"},\"sameAs\":[\"https:\/\/www.facebook.com\/GDIFacilityServices\/\",\"https:\/\/x.com\/GDIServices\",\"https:\/\/www.instagram.com\/gdifacilityservices\/\",\"https:\/\/www.linkedin.com\/company\/gdi-integrated-facility-services\/\"]}]}<\/script>\n<!-- \/ Yoast SEO Premium plugin. -->","yoast_head_json":{"title":"Associations et certifications - GDI.com","robots":{"index":"index","follow":"follow","max-snippet":"max-snippet:-1","max-image-preview":"max-image-preview:large","max-video-preview":"max-video-preview:-1"},"canonical":"https:\/\/gdi.com\/fr\/about-us\/associations-et-certifications\/","og_locale":"fr_FR","og_type":"article","og_title":"Associations et certifications","og_description":"Nos Associations et Certifications Nous offrons le plus haut niveau de service et de valeur \u00e0 nos clients en obtenant des certifications accept\u00e9es par l\u2019industrie et en \u00e9tant associ\u00e9s \u00e0 des organisations de conformit\u00e9 telles que BOMA, Cleaning Coalition of America, etc. GDI Canada GDI Quebec GDI USA Ainsworth GDI Canada Associations et Certifications ISO9001 [&hellip;]","og_url":"https:\/\/gdi.com\/fr\/about-us\/associations-et-certifications\/","og_site_name":"GDI.com","article_publisher":"https:\/\/www.facebook.com\/GDIFacilityServices\/","article_modified_time":"2022-08-23T18:48:24+00:00","twitter_card":"summary_large_image","twitter_site":"@GDIServices","schema":{"@context":"https:\/\/schema.org","@graph":[{"@type":"WebPage","@id":"https:\/\/gdi.com\/fr\/about-us\/associations-et-certifications\/","url":"https:\/\/gdi.com\/fr\/about-us\/associations-et-certifications\/","name":"Associations et certifications - GDI.com","isPartOf":{"@id":"https:\/\/gdi.com\/fr\/#website"},"datePublished":"2022-04-23T17:10:42+00:00","dateModified":"2022-08-23T18:48:24+00:00","breadcrumb":{"@id":"https:\/\/gdi.com\/fr\/about-us\/associations-et-certifications\/#breadcrumb"},"inLanguage":"fr-FR","potentialAction":[{"@type":"ReadAction","target":["https:\/\/gdi.com\/fr\/about-us\/associations-et-certifications\/"]}]},{"@type":"BreadcrumbList","@id":"https:\/\/gdi.com\/fr\/about-us\/associations-et-certifications\/#breadcrumb","itemListElement":[{"@type":"ListItem","position":1,"name":"ACCUEIL","item":"https:\/\/gdi.com\/fr\/"},{"@type":"ListItem","position":2,"name":"About Us","item":"https:\/\/gdi.com\/fr\/about-us\/"},{"@type":"ListItem","position":3,"name":"Associations et certifications"}]},{"@type":"WebSite","@id":"https:\/\/gdi.com\/fr\/#website","url":"https:\/\/gdi.com\/fr\/","name":"GDI.com","description":"Janitorial Services | GDI Integrated Facility Services","publisher":{"@id":"https:\/\/gdi.com\/fr\/#organization"},"potentialAction":[{"@type":"SearchAction","target":{"@type":"EntryPoint","urlTemplate":"https:\/\/gdi.com\/fr\/?s={search_term_string}"},"query-input":{"@type":"PropertyValueSpecification","valueRequired":true,"valueName":"search_term_string"}}],"inLanguage":"fr-FR"},{"@type":"Organization","@id":"https:\/\/gdi.com\/fr\/#organization","name":"GDI Integrated Facility Services","url":"https:\/\/gdi.com\/fr\/","logo":{"@type":"ImageObject","inLanguage":"fr-FR","@id":"https:\/\/gdi.com\/fr\/#\/schema\/logo\/image\/","url":"https:\/\/gdi.com\/wp-content\/uploads\/2022\/04\/gdi-logo-color.svg","contentUrl":"https:\/\/gdi.com\/wp-content\/uploads\/2022\/04\/gdi-logo-color.svg","width":1,"height":1,"caption":"GDI Integrated Facility Services"},"image":{"@id":"https:\/\/gdi.com\/fr\/#\/schema\/logo\/image\/"},"sameAs":["https:\/\/www.facebook.com\/GDIFacilityServices\/","https:\/\/x.com\/GDIServices","https:\/\/www.instagram.com\/gdifacilityservices\/","https:\/\/www.linkedin.com\/company\/gdi-integrated-facility-services\/"]}]}},"_links":{"self":[{"href":"https:\/\/gdi.com\/fr\/wp-json\/wp\/v2\/pages\/2311","targetHints":{"allow":["GET"]}}],"collection":[{"href":"https:\/\/gdi.com\/fr\/wp-json\/wp\/v2\/pages"}],"about":[{"href":"https:\/\/gdi.com\/fr\/wp-json\/wp\/v2\/types\/page"}],"author":[{"embeddable":true,"href":"https:\/\/gdi.com\/fr\/wp-json\/wp\/v2\/users\/1"}],"replies":[{"embeddable":true,"href":"https:\/\/gdi.com\/fr\/wp-json\/wp\/v2\/comments?post=2311"}],"version-history":[{"count":0,"href":"https:\/\/gdi.com\/fr\/wp-json\/wp\/v2\/pages\/2311\/revisions"}],"up":[{"embeddable":true,"href":"https:\/\/gdi.com\/fr\/wp-json\/wp\/v2\/pages\/2309"}],"wp:attachment":[{"href":"https:\/\/gdi.com\/fr\/wp-json\/wp\/v2\/media?parent=2311"}],"curies":[{"name":"wp","href":"https:\/\/api.w.org\/{rel}","templated":true}]}}