{"id":11808,"date":"2024-09-02T06:46:02","date_gmt":"2024-09-02T06:46:02","guid":{"rendered":"https:\/\/gdi.com\/?page_id=11808"},"modified":"2024-09-02T06:47:45","modified_gmt":"2024-09-02T06:47:45","slug":"merci","status":"publish","type":"page","link":"https:\/\/gdi.com\/fr\/merci\/","title":{"rendered":"Merci"},"content":{"rendered":"\t\t<div data-elementor-type=\"wp-page\" data-elementor-id=\"11808\" class=\"elementor elementor-11808 elementor-11807\" data-elementor-settings=\"{&quot;element_pack_global_tooltip_width&quot;:{&quot;unit&quot;:&quot;px&quot;,&quot;size&quot;:&quot;&quot;,&quot;sizes&quot;:[]},&quot;element_pack_global_tooltip_width_tablet&quot;:{&quot;unit&quot;:&quot;px&quot;,&quot;size&quot;:&quot;&quot;,&quot;sizes&quot;:[]},&quot;element_pack_global_tooltip_width_mobile&quot;:{&quot;unit&quot;:&quot;px&quot;,&quot;size&quot;:&quot;&quot;,&quot;sizes&quot;:[]},&quot;element_pack_global_tooltip_padding&quot;:{&quot;unit&quot;:&quot;px&quot;,&quot;top&quot;:&quot;&quot;,&quot;right&quot;:&quot;&quot;,&quot;bottom&quot;:&quot;&quot;,&quot;left&quot;:&quot;&quot;,&quot;isLinked&quot;:true},&quot;element_pack_global_tooltip_padding_tablet&quot;:{&quot;unit&quot;:&quot;px&quot;,&quot;top&quot;:&quot;&quot;,&quot;right&quot;:&quot;&quot;,&quot;bottom&quot;:&quot;&quot;,&quot;left&quot;:&quot;&quot;,&quot;isLinked&quot;:true},&quot;element_pack_global_tooltip_padding_mobile&quot;:{&quot;unit&quot;:&quot;px&quot;,&quot;top&quot;:&quot;&quot;,&quot;right&quot;:&quot;&quot;,&quot;bottom&quot;:&quot;&quot;,&quot;left&quot;:&quot;&quot;,&quot;isLinked&quot;:true},&quot;element_pack_global_tooltip_border_radius&quot;:{&quot;unit&quot;:&quot;px&quot;,&quot;top&quot;:&quot;&quot;,&quot;right&quot;:&quot;&quot;,&quot;bottom&quot;:&quot;&quot;,&quot;left&quot;:&quot;&quot;,&quot;isLinked&quot;:true},&quot;element_pack_global_tooltip_border_radius_tablet&quot;:{&quot;unit&quot;:&quot;px&quot;,&quot;top&quot;:&quot;&quot;,&quot;right&quot;:&quot;&quot;,&quot;bottom&quot;:&quot;&quot;,&quot;left&quot;:&quot;&quot;,&quot;isLinked&quot;:true},&quot;element_pack_global_tooltip_border_radius_mobile&quot;:{&quot;unit&quot;:&quot;px&quot;,&quot;top&quot;:&quot;&quot;,&quot;right&quot;:&quot;&quot;,&quot;bottom&quot;:&quot;&quot;,&quot;left&quot;:&quot;&quot;,&quot;isLinked&quot;:true}}\" data-elementor-post-type=\"page\">\n\t\t\t\t\t\t<section data-particle_enable=\"false\" data-particle-mobile-disabled=\"false\" class=\"elementor-section elementor-top-section elementor-element elementor-element-982a89c elementor-section-boxed elementor-section-height-default elementor-section-height-default\" data-id=\"982a89c\" data-element_type=\"section\">\n\t\t\t\t\t\t<div class=\"elementor-container elementor-column-gap-default\">\n\t\t\t\t\t<div class=\"elementor-column elementor-col-100 elementor-top-column elementor-element elementor-element-344dda1 elementor-invisible\" data-id=\"344dda1\" data-element_type=\"column\" data-settings=\"{&quot;animation&quot;:&quot;fadeInLeft&quot;}\">\n\t\t\t<div class=\"elementor-widget-wrap elementor-element-populated\">\n\t\t\t\t\t\t<div class=\"elementor-element elementor-element-4c23ffc elementor-widget elementor-widget-heading\" data-id=\"4c23ffc\" data-element_type=\"widget\" data-widget_type=\"heading.default\">\n\t\t\t\t<div class=\"elementor-widget-container\">\n\t\t\t\t\t<h1 class=\"elementor-heading-title elementor-size-default\">Merci<\/h1>\t\t\t\t<\/div>\n\t\t\t\t<\/div>\n\t\t\t\t<div class=\"elementor-element elementor-element-e2a3dd3 elementor-widget elementor-widget-text-editor\" data-id=\"e2a3dd3\" data-element_type=\"widget\" data-widget_type=\"text-editor.default\">\n\t\t\t\t<div class=\"elementor-widget-container\">\n\t\t\t\t\t\t\t\t\t<div class=\"post_body_wrapper\"><div class=\"post-body-container\"><div class=\"post-body-renderer-component post_body\"><div class=\"post-body-content\"><div class=\"body_text  redactor-styles redactor-in\"><p>Merci de nous avoir contact\u00e9s ! Nous appr\u00e9cions votre message et vous r\u00e9pondrons dans les plus brefs d\u00e9lais. Entre-temps, n&rsquo;h\u00e9sitez pas \u00e0 consulter notre site web pour obtenir de plus amples informations sur nos services.<\/p><\/div><\/div><\/div><\/div><\/div><div class=\"post-action-bar-component-wrapper\"><div class=\"post-actions-component\"><div class=\"upper-row\"><div class=\"reaction-bar\"><div class=\"reaction-bar-content\">\u00a0<\/div><div class=\"rightPadding\">\u00a0<\/div><\/div><div class=\"right-box-container\"><div class=\"post-editor-container\">\u00a0<\/div><\/div><\/div><\/div><\/div>\t\t\t\t\t\t\t\t<\/div>\n\t\t\t\t<\/div>\n\t\t\t\t\t<\/div>\n\t\t<\/div>\n\t\t\t\t\t<\/div>\n\t\t<\/section>\n\t\t\t\t<\/div>\n\t\t","protected":false},"excerpt":{"rendered":"<p>Merci Merci de nous avoir contact\u00e9s ! Nous appr\u00e9cions votre message et vous r\u00e9pondrons dans les plus brefs d\u00e9lais. Entre-temps, n&rsquo;h\u00e9sitez pas \u00e0 consulter notre site web pour obtenir de plus amples informations sur nos services.\u00a0\u00a0\u00a0<\/p>\n","protected":false},"author":46,"featured_media":0,"parent":0,"menu_order":0,"comment_status":"closed","ping_status":"closed","template":"templates\/template-home.php","meta":{"_acf_changed":false,"footnotes":""},"class_list":["post-11808","page","type-page","status-publish","hentry"],"acf":[],"yoast_head":"<!-- This site is optimized with the Yoast SEO Premium plugin v26.2 (Yoast SEO v26.2) - https:\/\/yoast.com\/wordpress\/plugins\/seo\/ -->\n<title>Merci - GDI.com<\/title>\n<meta name=\"robots\" content=\"index, follow, max-snippet:-1, max-image-preview:large, max-video-preview:-1\" \/>\n<link rel=\"canonical\" href=\"https:\/\/gdi.com\/fr\/merci\/\" \/>\n<meta property=\"og:locale\" content=\"fr_FR\" \/>\n<meta property=\"og:type\" content=\"article\" \/>\n<meta property=\"og:title\" content=\"Merci\" \/>\n<meta property=\"og:description\" content=\"Merci Merci de nous avoir contact\u00e9s ! Nous appr\u00e9cions votre message et vous r\u00e9pondrons dans les plus brefs d\u00e9lais. Entre-temps, n&rsquo;h\u00e9sitez pas \u00e0 consulter notre site web pour obtenir de plus amples informations sur nos services.\u00a0\u00a0\u00a0\" \/>\n<meta property=\"og:url\" content=\"https:\/\/gdi.com\/fr\/merci\/\" \/>\n<meta property=\"og:site_name\" content=\"GDI.com\" \/>\n<meta property=\"article:publisher\" content=\"https:\/\/www.facebook.com\/GDIFacilityServices\/\" \/>\n<meta property=\"article:modified_time\" content=\"2024-09-02T06:47:45+00:00\" \/>\n<meta name=\"twitter:card\" content=\"summary_large_image\" \/>\n<meta name=\"twitter:site\" content=\"@GDIServices\" \/>\n<script type=\"application\/ld+json\" class=\"yoast-schema-graph\">{\"@context\":\"https:\/\/schema.org\",\"@graph\":[{\"@type\":\"WebPage\",\"@id\":\"https:\/\/gdi.com\/fr\/merci\/\",\"url\":\"https:\/\/gdi.com\/fr\/merci\/\",\"name\":\"Merci - GDI.com\",\"isPartOf\":{\"@id\":\"https:\/\/gdi.com\/fr\/#website\"},\"datePublished\":\"2024-09-02T06:46:02+00:00\",\"dateModified\":\"2024-09-02T06:47:45+00:00\",\"breadcrumb\":{\"@id\":\"https:\/\/gdi.com\/fr\/merci\/#breadcrumb\"},\"inLanguage\":\"fr-FR\",\"potentialAction\":[{\"@type\":\"ReadAction\",\"target\":[\"https:\/\/gdi.com\/fr\/merci\/\"]}]},{\"@type\":\"BreadcrumbList\",\"@id\":\"https:\/\/gdi.com\/fr\/merci\/#breadcrumb\",\"itemListElement\":[{\"@type\":\"ListItem\",\"position\":1,\"name\":\"ACCUEIL\",\"item\":\"https:\/\/gdi.com\/fr\/\"},{\"@type\":\"ListItem\",\"position\":2,\"name\":\"Merci\"}]},{\"@type\":\"WebSite\",\"@id\":\"https:\/\/gdi.com\/fr\/#website\",\"url\":\"https:\/\/gdi.com\/fr\/\",\"name\":\"GDI.com\",\"description\":\"Janitorial Services | GDI Integrated Facility Services\",\"publisher\":{\"@id\":\"https:\/\/gdi.com\/fr\/#organization\"},\"potentialAction\":[{\"@type\":\"SearchAction\",\"target\":{\"@type\":\"EntryPoint\",\"urlTemplate\":\"https:\/\/gdi.com\/fr\/?s={search_term_string}\"},\"query-input\":{\"@type\":\"PropertyValueSpecification\",\"valueRequired\":true,\"valueName\":\"search_term_string\"}}],\"inLanguage\":\"fr-FR\"},{\"@type\":\"Organization\",\"@id\":\"https:\/\/gdi.com\/fr\/#organization\",\"name\":\"GDI Integrated Facility Services\",\"url\":\"https:\/\/gdi.com\/fr\/\",\"logo\":{\"@type\":\"ImageObject\",\"inLanguage\":\"fr-FR\",\"@id\":\"https:\/\/gdi.com\/fr\/#\/schema\/logo\/image\/\",\"url\":\"https:\/\/gdi.com\/wp-content\/uploads\/2022\/04\/gdi-logo-color.svg\",\"contentUrl\":\"https:\/\/gdi.com\/wp-content\/uploads\/2022\/04\/gdi-logo-color.svg\",\"width\":1,\"height\":1,\"caption\":\"GDI Integrated Facility Services\"},\"image\":{\"@id\":\"https:\/\/gdi.com\/fr\/#\/schema\/logo\/image\/\"},\"sameAs\":[\"https:\/\/www.facebook.com\/GDIFacilityServices\/\",\"https:\/\/x.com\/GDIServices\",\"https:\/\/www.instagram.com\/gdifacilityservices\/\",\"https:\/\/www.linkedin.com\/company\/gdi-integrated-facility-services\/\"]}]}<\/script>\n<!-- \/ Yoast SEO Premium plugin. -->","yoast_head_json":{"title":"Merci - GDI.com","robots":{"index":"index","follow":"follow","max-snippet":"max-snippet:-1","max-image-preview":"max-image-preview:large","max-video-preview":"max-video-preview:-1"},"canonical":"https:\/\/gdi.com\/fr\/merci\/","og_locale":"fr_FR","og_type":"article","og_title":"Merci","og_description":"Merci Merci de nous avoir contact\u00e9s ! Nous appr\u00e9cions votre message et vous r\u00e9pondrons dans les plus brefs d\u00e9lais. Entre-temps, n&rsquo;h\u00e9sitez pas \u00e0 consulter notre site web pour obtenir de plus amples informations sur nos services.\u00a0\u00a0\u00a0","og_url":"https:\/\/gdi.com\/fr\/merci\/","og_site_name":"GDI.com","article_publisher":"https:\/\/www.facebook.com\/GDIFacilityServices\/","article_modified_time":"2024-09-02T06:47:45+00:00","twitter_card":"summary_large_image","twitter_site":"@GDIServices","schema":{"@context":"https:\/\/schema.org","@graph":[{"@type":"WebPage","@id":"https:\/\/gdi.com\/fr\/merci\/","url":"https:\/\/gdi.com\/fr\/merci\/","name":"Merci - GDI.com","isPartOf":{"@id":"https:\/\/gdi.com\/fr\/#website"},"datePublished":"2024-09-02T06:46:02+00:00","dateModified":"2024-09-02T06:47:45+00:00","breadcrumb":{"@id":"https:\/\/gdi.com\/fr\/merci\/#breadcrumb"},"inLanguage":"fr-FR","potentialAction":[{"@type":"ReadAction","target":["https:\/\/gdi.com\/fr\/merci\/"]}]},{"@type":"BreadcrumbList","@id":"https:\/\/gdi.com\/fr\/merci\/#breadcrumb","itemListElement":[{"@type":"ListItem","position":1,"name":"ACCUEIL","item":"https:\/\/gdi.com\/fr\/"},{"@type":"ListItem","position":2,"name":"Merci"}]},{"@type":"WebSite","@id":"https:\/\/gdi.com\/fr\/#website","url":"https:\/\/gdi.com\/fr\/","name":"GDI.com","description":"Janitorial Services | GDI Integrated Facility Services","publisher":{"@id":"https:\/\/gdi.com\/fr\/#organization"},"potentialAction":[{"@type":"SearchAction","target":{"@type":"EntryPoint","urlTemplate":"https:\/\/gdi.com\/fr\/?s={search_term_string}"},"query-input":{"@type":"PropertyValueSpecification","valueRequired":true,"valueName":"search_term_string"}}],"inLanguage":"fr-FR"},{"@type":"Organization","@id":"https:\/\/gdi.com\/fr\/#organization","name":"GDI Integrated Facility Services","url":"https:\/\/gdi.com\/fr\/","logo":{"@type":"ImageObject","inLanguage":"fr-FR","@id":"https:\/\/gdi.com\/fr\/#\/schema\/logo\/image\/","url":"https:\/\/gdi.com\/wp-content\/uploads\/2022\/04\/gdi-logo-color.svg","contentUrl":"https:\/\/gdi.com\/wp-content\/uploads\/2022\/04\/gdi-logo-color.svg","width":1,"height":1,"caption":"GDI Integrated Facility Services"},"image":{"@id":"https:\/\/gdi.com\/fr\/#\/schema\/logo\/image\/"},"sameAs":["https:\/\/www.facebook.com\/GDIFacilityServices\/","https:\/\/x.com\/GDIServices","https:\/\/www.instagram.com\/gdifacilityservices\/","https:\/\/www.linkedin.com\/company\/gdi-integrated-facility-services\/"]}]}},"_links":{"self":[{"href":"https:\/\/gdi.com\/fr\/wp-json\/wp\/v2\/pages\/11808","targetHints":{"allow":["GET"]}}],"collection":[{"href":"https:\/\/gdi.com\/fr\/wp-json\/wp\/v2\/pages"}],"about":[{"href":"https:\/\/gdi.com\/fr\/wp-json\/wp\/v2\/types\/page"}],"author":[{"embeddable":true,"href":"https:\/\/gdi.com\/fr\/wp-json\/wp\/v2\/users\/46"}],"replies":[{"embeddable":true,"href":"https:\/\/gdi.com\/fr\/wp-json\/wp\/v2\/comments?post=11808"}],"version-history":[{"count":0,"href":"https:\/\/gdi.com\/fr\/wp-json\/wp\/v2\/pages\/11808\/revisions"}],"wp:attachment":[{"href":"https:\/\/gdi.com\/fr\/wp-json\/wp\/v2\/media?parent=11808"}],"curies":[{"name":"wp","href":"https:\/\/api.w.org\/{rel}","templated":true}]}}