{"id":11747,"date":"2024-08-08T17:39:45","date_gmt":"2024-08-08T17:39:45","guid":{"rendered":"https:\/\/gdi.com\/?page_id=11747"},"modified":"2024-12-15T19:26:22","modified_gmt":"2024-12-15T19:26:22","slug":"vision-mission-amp-values","status":"publish","type":"page","link":"https:\/\/gdi.com\/fr\/about-us\/vision-mission-amp-values\/","title":{"rendered":"Vision, Mission &amp; Values"},"content":{"rendered":"\t\t<div data-elementor-type=\"wp-page\" data-elementor-id=\"11747\" class=\"elementor elementor-11747 elementor-11730\" data-elementor-settings=\"{&quot;element_pack_global_tooltip_width&quot;:{&quot;unit&quot;:&quot;px&quot;,&quot;size&quot;:&quot;&quot;,&quot;sizes&quot;:[]},&quot;element_pack_global_tooltip_width_tablet&quot;:{&quot;unit&quot;:&quot;px&quot;,&quot;size&quot;:&quot;&quot;,&quot;sizes&quot;:[]},&quot;element_pack_global_tooltip_width_mobile&quot;:{&quot;unit&quot;:&quot;px&quot;,&quot;size&quot;:&quot;&quot;,&quot;sizes&quot;:[]},&quot;element_pack_global_tooltip_padding&quot;:{&quot;unit&quot;:&quot;px&quot;,&quot;top&quot;:&quot;&quot;,&quot;right&quot;:&quot;&quot;,&quot;bottom&quot;:&quot;&quot;,&quot;left&quot;:&quot;&quot;,&quot;isLinked&quot;:true},&quot;element_pack_global_tooltip_padding_tablet&quot;:{&quot;unit&quot;:&quot;px&quot;,&quot;top&quot;:&quot;&quot;,&quot;right&quot;:&quot;&quot;,&quot;bottom&quot;:&quot;&quot;,&quot;left&quot;:&quot;&quot;,&quot;isLinked&quot;:true},&quot;element_pack_global_tooltip_padding_mobile&quot;:{&quot;unit&quot;:&quot;px&quot;,&quot;top&quot;:&quot;&quot;,&quot;right&quot;:&quot;&quot;,&quot;bottom&quot;:&quot;&quot;,&quot;left&quot;:&quot;&quot;,&quot;isLinked&quot;:true},&quot;element_pack_global_tooltip_border_radius&quot;:{&quot;unit&quot;:&quot;px&quot;,&quot;top&quot;:&quot;&quot;,&quot;right&quot;:&quot;&quot;,&quot;bottom&quot;:&quot;&quot;,&quot;left&quot;:&quot;&quot;,&quot;isLinked&quot;:true},&quot;element_pack_global_tooltip_border_radius_tablet&quot;:{&quot;unit&quot;:&quot;px&quot;,&quot;top&quot;:&quot;&quot;,&quot;right&quot;:&quot;&quot;,&quot;bottom&quot;:&quot;&quot;,&quot;left&quot;:&quot;&quot;,&quot;isLinked&quot;:true},&quot;element_pack_global_tooltip_border_radius_mobile&quot;:{&quot;unit&quot;:&quot;px&quot;,&quot;top&quot;:&quot;&quot;,&quot;right&quot;:&quot;&quot;,&quot;bottom&quot;:&quot;&quot;,&quot;left&quot;:&quot;&quot;,&quot;isLinked&quot;:true}}\" data-elementor-post-type=\"page\">\n\t\t\t\t\t\t<section data-particle_enable=\"false\" data-particle-mobile-disabled=\"false\" class=\"elementor-section elementor-top-section elementor-element elementor-element-73ecd3b elementor-section-height-min-height elementor-section-content-bottom elementor-section-boxed elementor-section-height-default elementor-section-items-middle\" data-id=\"73ecd3b\" data-element_type=\"section\" data-settings=\"{&quot;background_background&quot;:&quot;classic&quot;}\">\n\t\t\t\t\t\t<div class=\"elementor-container elementor-column-gap-default\">\n\t\t\t\t\t<div class=\"elementor-column elementor-col-100 elementor-top-column elementor-element elementor-element-4a049e9\" data-id=\"4a049e9\" data-element_type=\"column\">\n\t\t\t<div class=\"elementor-widget-wrap elementor-element-populated\">\n\t\t\t\t\t\t<div class=\"elementor-element elementor-element-9bb58c2 elementor-widget elementor-widget-spacer\" data-id=\"9bb58c2\" data-element_type=\"widget\" data-widget_type=\"spacer.default\">\n\t\t\t\t<div class=\"elementor-widget-container\">\n\t\t\t\t\t\t\t<div class=\"elementor-spacer\">\n\t\t\t<div class=\"elementor-spacer-inner\"><\/div>\n\t\t<\/div>\n\t\t\t\t\t\t<\/div>\n\t\t\t\t<\/div>\n\t\t\t\t<div class=\"elementor-element elementor-element-7f446a3 elementor-widget elementor-widget-heading\" data-id=\"7f446a3\" data-element_type=\"widget\" data-widget_type=\"heading.default\">\n\t\t\t\t<div class=\"elementor-widget-container\">\n\t\t\t\t\t<h2 class=\"elementor-heading-title elementor-size-default\">Nos Valeurs<br>Font partie de notre ADN.<\/h2>\t\t\t\t<\/div>\n\t\t\t\t<\/div>\n\t\t\t\t<div class=\"elementor-element elementor-element-6545234 elementor-widget elementor-widget-spacer\" data-id=\"6545234\" data-element_type=\"widget\" data-widget_type=\"spacer.default\">\n\t\t\t\t<div class=\"elementor-widget-container\">\n\t\t\t\t\t\t\t<div class=\"elementor-spacer\">\n\t\t\t<div class=\"elementor-spacer-inner\"><\/div>\n\t\t<\/div>\n\t\t\t\t\t\t<\/div>\n\t\t\t\t<\/div>\n\t\t\t\t<section data-particle_enable=\"false\" data-particle-mobile-disabled=\"false\" class=\"elementor-section elementor-inner-section elementor-element elementor-element-ecda59a elementor-section-boxed elementor-section-height-default elementor-section-height-default\" data-id=\"ecda59a\" data-element_type=\"section\">\n\t\t\t\t\t\t<div class=\"elementor-container elementor-column-gap-default\">\n\t\t\t\t\t<div class=\"elementor-column elementor-col-50 elementor-inner-column elementor-element elementor-element-2ba78ab\" data-id=\"2ba78ab\" data-element_type=\"column\">\n\t\t\t<div class=\"elementor-widget-wrap elementor-element-populated\">\n\t\t\t\t\t\t<div class=\"elementor-element elementor-element-73c29e4 elementor-widget elementor-widget-heading\" data-id=\"73c29e4\" data-element_type=\"widget\" data-widget_type=\"heading.default\">\n\t\t\t\t<div class=\"elementor-widget-container\">\n\t\t\t\t\t<h2 class=\"elementor-heading-title elementor-size-default\">Vision<\/h2>\t\t\t\t<\/div>\n\t\t\t\t<\/div>\n\t\t\t\t<div class=\"elementor-element elementor-element-40818be text-color-inherit elementor-widget elementor-widget-text-editor\" data-id=\"40818be\" data-element_type=\"widget\" data-widget_type=\"text-editor.default\">\n\t\t\t\t<div class=\"elementor-widget-container\">\n\t\t\t\t\t\t\t\t\t<p>\u00catre le chef de file mondial en mati\u00e8re de services et de solutions aux immeubles.<\/p>\t\t\t\t\t\t\t\t<\/div>\n\t\t\t\t<\/div>\n\t\t\t\t\t<\/div>\n\t\t<\/div>\n\t\t\t\t<div class=\"elementor-column elementor-col-50 elementor-inner-column elementor-element elementor-element-5f81460\" data-id=\"5f81460\" data-element_type=\"column\">\n\t\t\t<div class=\"elementor-widget-wrap elementor-element-populated\">\n\t\t\t\t\t\t<div class=\"elementor-element elementor-element-a3003af elementor-widget__width-initial elementor-widget elementor-widget-heading\" data-id=\"a3003af\" data-element_type=\"widget\" data-widget_type=\"heading.default\">\n\t\t\t\t<div class=\"elementor-widget-container\">\n\t\t\t\t\t<h2 class=\"elementor-heading-title elementor-size-default\">Mission<\/h2>\t\t\t\t<\/div>\n\t\t\t\t<\/div>\n\t\t\t\t<div class=\"elementor-element elementor-element-fb0142a text-color-inherit elementor-widget__width-initial elementor-widget elementor-widget-text-editor\" data-id=\"fb0142a\" data-element_type=\"widget\" data-widget_type=\"text-editor.default\">\n\t\t\t\t<div class=\"elementor-widget-container\">\n\t\t\t\t\t\t\t\t\t<p>Notre mission est d\u2019offrir constamment les meilleurs services aux immeubles et les solutions novatrices les plus fiables pour r\u00e9pondre aux besoins et aux standards de nos clients.<\/p>\t\t\t\t\t\t\t\t<\/div>\n\t\t\t\t<\/div>\n\t\t\t\t\t<\/div>\n\t\t<\/div>\n\t\t\t\t\t<\/div>\n\t\t<\/section>\n\t\t\t\t\t<\/div>\n\t\t<\/div>\n\t\t\t\t\t<\/div>\n\t\t<\/section>\n\t\t\t\t<section data-particle_enable=\"false\" data-particle-mobile-disabled=\"false\" class=\"elementor-section elementor-top-section elementor-element elementor-element-104cafa1 elementor-section-boxed elementor-section-height-default elementor-section-height-default\" data-id=\"104cafa1\" data-element_type=\"section\">\n\t\t\t\t\t\t<div class=\"elementor-container elementor-column-gap-default\">\n\t\t\t\t\t<div class=\"elementor-column elementor-col-100 elementor-top-column elementor-element elementor-element-1c15de9e\" data-id=\"1c15de9e\" data-element_type=\"column\">\n\t\t\t<div class=\"elementor-widget-wrap elementor-element-populated\">\n\t\t\t\t\t\t<div class=\"elementor-element elementor-element-22264226 elementor-widget elementor-widget-heading\" data-id=\"22264226\" data-element_type=\"widget\" data-widget_type=\"heading.default\">\n\t\t\t\t<div class=\"elementor-widget-container\">\n\t\t\t\t\t<h2 class=\"elementor-heading-title elementor-size-default\">Nos Valuers<\/h2>\t\t\t\t<\/div>\n\t\t\t\t<\/div>\n\t\t\t\t<section data-particle_enable=\"false\" data-particle-mobile-disabled=\"false\" class=\"elementor-section elementor-inner-section elementor-element elementor-element-5cf559ac elementor-section-boxed elementor-section-height-default elementor-section-height-default\" data-id=\"5cf559ac\" data-element_type=\"section\">\n\t\t\t\t\t\t<div class=\"elementor-container elementor-column-gap-default\">\n\t\t\t\t\t<div class=\"elementor-column elementor-col-50 elementor-inner-column elementor-element elementor-element-2604ec12\" data-id=\"2604ec12\" data-element_type=\"column\">\n\t\t\t<div class=\"elementor-widget-wrap elementor-element-populated\">\n\t\t\t\t\t\t<div class=\"elementor-element elementor-element-63adcdaf elementor-position-left elementor-vertical-align-top elementor-widget elementor-widget-image-box\" data-id=\"63adcdaf\" data-element_type=\"widget\" data-widget_type=\"image-box.default\">\n\t\t\t\t<div class=\"elementor-widget-container\">\n\t\t\t\t\t<div class=\"elementor-image-box-wrapper\"><figure class=\"elementor-image-box-img\"><img decoding=\"async\" width=\"67\" height=\"67\" src=\"https:\/\/gdi.com\/wp-content\/uploads\/2024\/06\/Layer_1.png\" class=\"attachment-full size-full wp-image-11385\" alt=\"\" \/><\/figure><div class=\"elementor-image-box-content\"><h3 class=\"elementor-image-box-title\">Respecter les personnes et la plan\u00e8te<\/h3><p class=\"elementor-image-box-description\"><i>PROT\u00c9GER TOUTES LES PERSONNES ET NOTRE PLAN\u00c8TE<\/i><br>\n\nNous nous engageons \u00e0 fournir un lieu de travail sain, s\u00e9curitaire et\ninclusif, tout en minimisant notre impact n\u00e9gatif sur l\u2019environnement.<\/p><\/div><\/div>\t\t\t\t<\/div>\n\t\t\t\t<\/div>\n\t\t\t\t<div class=\"elementor-element elementor-element-1e896a61 elementor-position-left elementor-vertical-align-top elementor-widget elementor-widget-image-box\" data-id=\"1e896a61\" data-element_type=\"widget\" data-widget_type=\"image-box.default\">\n\t\t\t\t<div class=\"elementor-widget-container\">\n\t\t\t\t\t<div class=\"elementor-image-box-wrapper\"><figure class=\"elementor-image-box-img\"><img decoding=\"async\" width=\"67\" height=\"66\" src=\"https:\/\/gdi.com\/wp-content\/uploads\/2024\/06\/Layer_1-1.png\" class=\"attachment-full size-full wp-image-11392\" alt=\"\" \/><\/figure><div class=\"elementor-image-box-content\"><h3 class=\"elementor-image-box-title\">Viser l\u2019excellence<\/h3><p class=\"elementor-image-box-description\"><i>POUR SATISFAIRE AUX NORMES LES PLUS \u00c9LEV\u00c9ES<\/i><br>\nNous nous engageons \u00e0 fournir \u00e0 nos clients des services et des\nproduits de la plus grande qualit\u00e9, tout en gardant un esprit positif\net en travaillant sans rel\u00e2che pour nous am\u00e9liorer.\n\n<\/p><\/div><\/div>\t\t\t\t<\/div>\n\t\t\t\t<\/div>\n\t\t\t\t<div class=\"elementor-element elementor-element-4c51d806 elementor-position-left elementor-vertical-align-top elementor-widget elementor-widget-image-box\" data-id=\"4c51d806\" data-element_type=\"widget\" data-widget_type=\"image-box.default\">\n\t\t\t\t<div class=\"elementor-widget-container\">\n\t\t\t\t\t<div class=\"elementor-image-box-wrapper\"><figure class=\"elementor-image-box-img\"><img decoding=\"async\" width=\"69\" height=\"69\" src=\"https:\/\/gdi.com\/wp-content\/uploads\/2024\/06\/Layer_1-1-1.png\" class=\"attachment-full size-full wp-image-11394\" alt=\"\" \/><\/figure><div class=\"elementor-image-box-content\"><h3 class=\"elementor-image-box-title\">Encourager l\u2019innovation<\/h3><p class=\"elementor-image-box-description\"><i>ADOPTER DE NOUVELLES PERSPECTIVES, ID\u00c9ES ET\nTECHNOLOGIES<\/i><br>\n\nNous valorisons la croissance personnelle, professionnelle et\norganisationnelle, tout en promouvant l\u2019innovation et en nous adaptant\naux tendances \u00e9mergentes et aux besoins de nos clients.<\/p><\/div><\/div>\t\t\t\t<\/div>\n\t\t\t\t<\/div>\n\t\t\t\t\t<\/div>\n\t\t<\/div>\n\t\t\t\t<div class=\"elementor-column elementor-col-50 elementor-inner-column elementor-element elementor-element-840d2ce\" data-id=\"840d2ce\" data-element_type=\"column\">\n\t\t\t<div class=\"elementor-widget-wrap elementor-element-populated\">\n\t\t\t\t\t\t<div class=\"elementor-element elementor-element-1d96959a elementor-position-left elementor-vertical-align-top elementor-widget elementor-widget-image-box\" data-id=\"1d96959a\" data-element_type=\"widget\" data-widget_type=\"image-box.default\">\n\t\t\t\t<div class=\"elementor-widget-container\">\n\t\t\t\t\t<div class=\"elementor-image-box-wrapper\"><figure class=\"elementor-image-box-img\"><img loading=\"lazy\" decoding=\"async\" width=\"67\" height=\"67\" src=\"https:\/\/gdi.com\/wp-content\/uploads\/2024\/06\/Group-2.png\" class=\"attachment-full size-full wp-image-11388\" alt=\"\" \/><\/figure><div class=\"elementor-image-box-content\"><h3 class=\"elementor-image-box-title\">\u00catre honn\u00eate et fiable<\/h3><p class=\"elementor-image-box-description\"><i>ASSUMER LA RESPONSABILIT\u00c9 DE NOS ACTIONS, DE NOS\nPAROLES ET DE LEUR IMPACT<\/i><br>\n\nNous gagnons la confiance de nos partenaires en \u00e9tant\ntransparents, \u00e9quitables et en respectant nos engagements.<\/p><\/div><\/div>\t\t\t\t<\/div>\n\t\t\t\t<\/div>\n\t\t\t\t<div class=\"elementor-element elementor-element-43e9341d elementor-position-left elementor-vertical-align-top elementor-widget elementor-widget-image-box\" data-id=\"43e9341d\" data-element_type=\"widget\" data-widget_type=\"image-box.default\">\n\t\t\t\t<div class=\"elementor-widget-container\">\n\t\t\t\t\t<div class=\"elementor-image-box-wrapper\"><figure class=\"elementor-image-box-img\"><img loading=\"lazy\" decoding=\"async\" width=\"68\" height=\"67\" src=\"https:\/\/gdi.com\/wp-content\/uploads\/2024\/06\/Group-3.png\" class=\"attachment-full size-full wp-image-11390\" alt=\"\" \/><\/figure><div class=\"elementor-image-box-content\"><h3 class=\"elementor-image-box-title\">Favoriser la collaboration<\/h3><p class=\"elementor-image-box-description\"><i>UNE COMPAGNIE, UNE CULTURE!<\/i><br>\n\nNous sommes plus forts ensemble. Gr\u00e2ce \u00e0 notre approche collaborative, nous apportons une valeur ajout\u00e9e \u00e0 nos parties prenantes et contribuons ainsi \u00e0 accro\u00eetre le succ\u00e8s de notre entreprise.\n<\/p><\/div><\/div>\t\t\t\t<\/div>\n\t\t\t\t<\/div>\n\t\t\t\t\t<\/div>\n\t\t<\/div>\n\t\t\t\t\t<\/div>\n\t\t<\/section>\n\t\t\t\t\t<\/div>\n\t\t<\/div>\n\t\t\t\t\t<\/div>\n\t\t<\/section>\n\t\t\t\t<\/div>\n\t\t","protected":false},"excerpt":{"rendered":"<p>Nos ValeursFont partie de notre ADN. Vision \u00catre le chef de file mondial en mati\u00e8re de services et de solutions aux immeubles. Mission Notre mission est d\u2019offrir constamment les meilleurs services aux immeubles et les solutions novatrices les plus fiables pour r\u00e9pondre aux besoins et aux standards de nos clients. Nos Valuers Respecter les personnes [&hellip;]<\/p>\n","protected":false},"author":1,"featured_media":0,"parent":2309,"menu_order":0,"comment_status":"closed","ping_status":"closed","template":"elementor_header_footer","meta":{"_acf_changed":false,"footnotes":""},"class_list":["post-11747","page","type-page","status-publish","hentry"],"acf":[],"yoast_head":"<!-- This site is optimized with the Yoast SEO Premium plugin v26.2 (Yoast SEO v26.2) - https:\/\/yoast.com\/wordpress\/plugins\/seo\/ -->\n<title>Vision, Mission &amp; Values - GDI.com<\/title>\n<meta name=\"robots\" content=\"index, follow, max-snippet:-1, max-image-preview:large, max-video-preview:-1\" \/>\n<link rel=\"canonical\" href=\"https:\/\/gdi.com\/fr\/about-us\/vision-mission-amp-values\/\" \/>\n<meta property=\"og:locale\" content=\"fr_FR\" \/>\n<meta property=\"og:type\" content=\"article\" \/>\n<meta property=\"og:title\" content=\"Vision, Mission &amp; Values\" \/>\n<meta property=\"og:description\" content=\"Nos ValeursFont partie de notre ADN. Vision \u00catre le chef de file mondial en mati\u00e8re de services et de solutions aux immeubles. Mission Notre mission est d\u2019offrir constamment les meilleurs services aux immeubles et les solutions novatrices les plus fiables pour r\u00e9pondre aux besoins et aux standards de nos clients. Nos Valuers Respecter les personnes [&hellip;]\" \/>\n<meta property=\"og:url\" content=\"https:\/\/gdi.com\/fr\/about-us\/vision-mission-amp-values\/\" \/>\n<meta property=\"og:site_name\" content=\"GDI.com\" \/>\n<meta property=\"article:publisher\" content=\"https:\/\/www.facebook.com\/GDIFacilityServices\/\" \/>\n<meta property=\"article:modified_time\" content=\"2024-12-15T19:26:22+00:00\" \/>\n<meta property=\"og:image\" content=\"https:\/\/gdi.com\/wp-content\/uploads\/2024\/06\/Layer_1.png\" \/>\n\t<meta property=\"og:image:width\" content=\"67\" \/>\n\t<meta property=\"og:image:height\" content=\"67\" \/>\n\t<meta property=\"og:image:type\" content=\"image\/png\" \/>\n<meta name=\"twitter:card\" content=\"summary_large_image\" \/>\n<meta name=\"twitter:site\" content=\"@GDIServices\" \/>\n<script type=\"application\/ld+json\" class=\"yoast-schema-graph\">{\"@context\":\"https:\/\/schema.org\",\"@graph\":[{\"@type\":\"WebPage\",\"@id\":\"https:\/\/gdi.com\/fr\/about-us\/vision-mission-amp-values\/\",\"url\":\"https:\/\/gdi.com\/fr\/about-us\/vision-mission-amp-values\/\",\"name\":\"Vision, Mission &amp; Values - GDI.com\",\"isPartOf\":{\"@id\":\"https:\/\/gdi.com\/fr\/#website\"},\"primaryImageOfPage\":{\"@id\":\"https:\/\/gdi.com\/fr\/about-us\/vision-mission-amp-values\/#primaryimage\"},\"image\":{\"@id\":\"https:\/\/gdi.com\/fr\/about-us\/vision-mission-amp-values\/#primaryimage\"},\"thumbnailUrl\":\"https:\/\/gdi.com\/wp-content\/uploads\/2024\/06\/Layer_1.png\",\"datePublished\":\"2024-08-08T17:39:45+00:00\",\"dateModified\":\"2024-12-15T19:26:22+00:00\",\"breadcrumb\":{\"@id\":\"https:\/\/gdi.com\/fr\/about-us\/vision-mission-amp-values\/#breadcrumb\"},\"inLanguage\":\"fr-FR\",\"potentialAction\":[{\"@type\":\"ReadAction\",\"target\":[\"https:\/\/gdi.com\/fr\/about-us\/vision-mission-amp-values\/\"]}]},{\"@type\":\"ImageObject\",\"inLanguage\":\"fr-FR\",\"@id\":\"https:\/\/gdi.com\/fr\/about-us\/vision-mission-amp-values\/#primaryimage\",\"url\":\"https:\/\/gdi.com\/wp-content\/uploads\/2024\/06\/Layer_1.png\",\"contentUrl\":\"https:\/\/gdi.com\/wp-content\/uploads\/2024\/06\/Layer_1.png\"},{\"@type\":\"BreadcrumbList\",\"@id\":\"https:\/\/gdi.com\/fr\/about-us\/vision-mission-amp-values\/#breadcrumb\",\"itemListElement\":[{\"@type\":\"ListItem\",\"position\":1,\"name\":\"ACCUEIL\",\"item\":\"https:\/\/gdi.com\/fr\/\"},{\"@type\":\"ListItem\",\"position\":2,\"name\":\"About Us\",\"item\":\"https:\/\/gdi.com\/fr\/about-us\/\"},{\"@type\":\"ListItem\",\"position\":3,\"name\":\"Vision, Mission &amp; Values\"}]},{\"@type\":\"WebSite\",\"@id\":\"https:\/\/gdi.com\/fr\/#website\",\"url\":\"https:\/\/gdi.com\/fr\/\",\"name\":\"GDI.com\",\"description\":\"Janitorial Services | GDI Integrated Facility Services\",\"publisher\":{\"@id\":\"https:\/\/gdi.com\/fr\/#organization\"},\"potentialAction\":[{\"@type\":\"SearchAction\",\"target\":{\"@type\":\"EntryPoint\",\"urlTemplate\":\"https:\/\/gdi.com\/fr\/?s={search_term_string}\"},\"query-input\":{\"@type\":\"PropertyValueSpecification\",\"valueRequired\":true,\"valueName\":\"search_term_string\"}}],\"inLanguage\":\"fr-FR\"},{\"@type\":\"Organization\",\"@id\":\"https:\/\/gdi.com\/fr\/#organization\",\"name\":\"GDI Integrated Facility Services\",\"url\":\"https:\/\/gdi.com\/fr\/\",\"logo\":{\"@type\":\"ImageObject\",\"inLanguage\":\"fr-FR\",\"@id\":\"https:\/\/gdi.com\/fr\/#\/schema\/logo\/image\/\",\"url\":\"https:\/\/gdi.com\/wp-content\/uploads\/2022\/04\/gdi-logo-color.svg\",\"contentUrl\":\"https:\/\/gdi.com\/wp-content\/uploads\/2022\/04\/gdi-logo-color.svg\",\"width\":1,\"height\":1,\"caption\":\"GDI Integrated Facility Services\"},\"image\":{\"@id\":\"https:\/\/gdi.com\/fr\/#\/schema\/logo\/image\/\"},\"sameAs\":[\"https:\/\/www.facebook.com\/GDIFacilityServices\/\",\"https:\/\/x.com\/GDIServices\",\"https:\/\/www.instagram.com\/gdifacilityservices\/\",\"https:\/\/www.linkedin.com\/company\/gdi-integrated-facility-services\/\"]}]}<\/script>\n<!-- \/ Yoast SEO Premium plugin. -->","yoast_head_json":{"title":"Vision, Mission &amp; Values - GDI.com","robots":{"index":"index","follow":"follow","max-snippet":"max-snippet:-1","max-image-preview":"max-image-preview:large","max-video-preview":"max-video-preview:-1"},"canonical":"https:\/\/gdi.com\/fr\/about-us\/vision-mission-amp-values\/","og_locale":"fr_FR","og_type":"article","og_title":"Vision, Mission &amp; Values","og_description":"Nos ValeursFont partie de notre ADN. Vision \u00catre le chef de file mondial en mati\u00e8re de services et de solutions aux immeubles. Mission Notre mission est d\u2019offrir constamment les meilleurs services aux immeubles et les solutions novatrices les plus fiables pour r\u00e9pondre aux besoins et aux standards de nos clients. Nos Valuers Respecter les personnes [&hellip;]","og_url":"https:\/\/gdi.com\/fr\/about-us\/vision-mission-amp-values\/","og_site_name":"GDI.com","article_publisher":"https:\/\/www.facebook.com\/GDIFacilityServices\/","article_modified_time":"2024-12-15T19:26:22+00:00","og_image":[{"width":67,"height":67,"url":"https:\/\/gdi.com\/wp-content\/uploads\/2024\/06\/Layer_1.png","type":"image\/png"}],"twitter_card":"summary_large_image","twitter_site":"@GDIServices","schema":{"@context":"https:\/\/schema.org","@graph":[{"@type":"WebPage","@id":"https:\/\/gdi.com\/fr\/about-us\/vision-mission-amp-values\/","url":"https:\/\/gdi.com\/fr\/about-us\/vision-mission-amp-values\/","name":"Vision, Mission &amp; Values - GDI.com","isPartOf":{"@id":"https:\/\/gdi.com\/fr\/#website"},"primaryImageOfPage":{"@id":"https:\/\/gdi.com\/fr\/about-us\/vision-mission-amp-values\/#primaryimage"},"image":{"@id":"https:\/\/gdi.com\/fr\/about-us\/vision-mission-amp-values\/#primaryimage"},"thumbnailUrl":"https:\/\/gdi.com\/wp-content\/uploads\/2024\/06\/Layer_1.png","datePublished":"2024-08-08T17:39:45+00:00","dateModified":"2024-12-15T19:26:22+00:00","breadcrumb":{"@id":"https:\/\/gdi.com\/fr\/about-us\/vision-mission-amp-values\/#breadcrumb"},"inLanguage":"fr-FR","potentialAction":[{"@type":"ReadAction","target":["https:\/\/gdi.com\/fr\/about-us\/vision-mission-amp-values\/"]}]},{"@type":"ImageObject","inLanguage":"fr-FR","@id":"https:\/\/gdi.com\/fr\/about-us\/vision-mission-amp-values\/#primaryimage","url":"https:\/\/gdi.com\/wp-content\/uploads\/2024\/06\/Layer_1.png","contentUrl":"https:\/\/gdi.com\/wp-content\/uploads\/2024\/06\/Layer_1.png"},{"@type":"BreadcrumbList","@id":"https:\/\/gdi.com\/fr\/about-us\/vision-mission-amp-values\/#breadcrumb","itemListElement":[{"@type":"ListItem","position":1,"name":"ACCUEIL","item":"https:\/\/gdi.com\/fr\/"},{"@type":"ListItem","position":2,"name":"About Us","item":"https:\/\/gdi.com\/fr\/about-us\/"},{"@type":"ListItem","position":3,"name":"Vision, Mission &amp; Values"}]},{"@type":"WebSite","@id":"https:\/\/gdi.com\/fr\/#website","url":"https:\/\/gdi.com\/fr\/","name":"GDI.com","description":"Janitorial Services | GDI Integrated Facility Services","publisher":{"@id":"https:\/\/gdi.com\/fr\/#organization"},"potentialAction":[{"@type":"SearchAction","target":{"@type":"EntryPoint","urlTemplate":"https:\/\/gdi.com\/fr\/?s={search_term_string}"},"query-input":{"@type":"PropertyValueSpecification","valueRequired":true,"valueName":"search_term_string"}}],"inLanguage":"fr-FR"},{"@type":"Organization","@id":"https:\/\/gdi.com\/fr\/#organization","name":"GDI Integrated Facility Services","url":"https:\/\/gdi.com\/fr\/","logo":{"@type":"ImageObject","inLanguage":"fr-FR","@id":"https:\/\/gdi.com\/fr\/#\/schema\/logo\/image\/","url":"https:\/\/gdi.com\/wp-content\/uploads\/2022\/04\/gdi-logo-color.svg","contentUrl":"https:\/\/gdi.com\/wp-content\/uploads\/2022\/04\/gdi-logo-color.svg","width":1,"height":1,"caption":"GDI Integrated Facility Services"},"image":{"@id":"https:\/\/gdi.com\/fr\/#\/schema\/logo\/image\/"},"sameAs":["https:\/\/www.facebook.com\/GDIFacilityServices\/","https:\/\/x.com\/GDIServices","https:\/\/www.instagram.com\/gdifacilityservices\/","https:\/\/www.linkedin.com\/company\/gdi-integrated-facility-services\/"]}]}},"_links":{"self":[{"href":"https:\/\/gdi.com\/fr\/wp-json\/wp\/v2\/pages\/11747","targetHints":{"allow":["GET"]}}],"collection":[{"href":"https:\/\/gdi.com\/fr\/wp-json\/wp\/v2\/pages"}],"about":[{"href":"https:\/\/gdi.com\/fr\/wp-json\/wp\/v2\/types\/page"}],"author":[{"embeddable":true,"href":"https:\/\/gdi.com\/fr\/wp-json\/wp\/v2\/users\/1"}],"replies":[{"embeddable":true,"href":"https:\/\/gdi.com\/fr\/wp-json\/wp\/v2\/comments?post=11747"}],"version-history":[{"count":0,"href":"https:\/\/gdi.com\/fr\/wp-json\/wp\/v2\/pages\/11747\/revisions"}],"up":[{"embeddable":true,"href":"https:\/\/gdi.com\/fr\/wp-json\/wp\/v2\/pages\/2309"}],"wp:attachment":[{"href":"https:\/\/gdi.com\/fr\/wp-json\/wp\/v2\/media?parent=11747"}],"curies":[{"name":"wp","href":"https:\/\/api.w.org\/{rel}","templated":true}]}}